{"id":300,"date":"2024-06-16T16:23:22","date_gmt":"2024-06-16T19:23:22","guid":{"rendered":"https:\/\/elgayer.com.br\/?page_id=300"},"modified":"2024-07-29T10:56:43","modified_gmt":"2024-07-29T13:56:43","slug":"engenharia-ferroviaria","status":"publish","type":"page","link":"https:\/\/elgayer.com.br\/en\/engenharia-ferroviaria\/","title":{"rendered":"Engenharia Ferrovi\u00e1ria"},"content":{"rendered":"<div data-elementor-type=\"wp-page\" data-elementor-id=\"300\" class=\"elementor elementor-300\">\n\t\t\t\t<div class=\"elementor-element elementor-element-3192d72 e-flex e-con-boxed e-con e-parent\" data-id=\"3192d72\" data-element_type=\"container\">\n\t\t\t\t\t<div class=\"e-con-inner\">\n\t\t<div class=\"elementor-element elementor-element-82ff5a9 e-flex e-con-boxed e-con e-child\" data-id=\"82ff5a9\" data-element_type=\"container\" data-settings=\"{&quot;background_background&quot;:&quot;classic&quot;}\">\n\t\t\t\t\t<div class=\"e-con-inner\">\n\t\t\t\t<div class=\"elementor-element elementor-element-f6a9b68 elementor-widget elementor-widget-heading\" data-id=\"f6a9b68\" data-element_type=\"widget\" data-widget_type=\"heading.default\">\n\t\t\t\t<div class=\"elementor-widget-container\">\n\t\t\t<style>\/*! elementor - v3.22.0 - 26-06-2024 *\/\n.elementor-heading-title{padding:0;margin:0;line-height:1}.elementor-widget-heading .elementor-heading-title[class*=elementor-size-]>a{color:inherit;font-size:inherit;line-height:inherit}.elementor-widget-heading .elementor-heading-title.elementor-size-small{font-size:15px}.elementor-widget-heading .elementor-heading-title.elementor-size-medium{font-size:19px}.elementor-widget-heading .elementor-heading-title.elementor-size-large{font-size:29px}.elementor-widget-heading .elementor-heading-title.elementor-size-xl{font-size:39px}.elementor-widget-heading .elementor-heading-title.elementor-size-xxl{font-size:59px}<\/style><h2 class=\"elementor-heading-title elementor-size-default\">ELGAYER SERVICE<\/h2>\t\t<\/div>\n\t\t\t\t<\/div>\n\t\t\t\t<div class=\"elementor-element elementor-element-4ad2127 elementor-widget elementor-widget-heading\" data-id=\"4ad2127\" data-element_type=\"widget\" data-widget_type=\"heading.default\">\n\t\t\t\t<div class=\"elementor-widget-container\">\n\t\t\t<h2 class=\"elementor-heading-title elementor-size-default\">RAILWAY ENGINEERING<\/h2>\t\t<\/div>\n\t\t\t\t<\/div>\n\t\t\t\t<div class=\"elementor-element elementor-element-a463e83 elementor-widget elementor-widget-text-editor\" data-id=\"a463e83\" data-element_type=\"widget\" data-widget_type=\"text-editor.default\">\n\t\t\t\t<div class=\"elementor-widget-container\">\n\t\t\t<style>\/*! elementor - v3.22.0 - 26-06-2024 *\/\n.elementor-widget-text-editor.elementor-drop-cap-view-stacked .elementor-drop-cap{background-color:#69727d;color:#fff}.elementor-widget-text-editor.elementor-drop-cap-view-framed .elementor-drop-cap{color:#69727d;border:3px solid;background-color:transparent}.elementor-widget-text-editor:not(.elementor-drop-cap-view-default) .elementor-drop-cap{margin-top:8px}.elementor-widget-text-editor:not(.elementor-drop-cap-view-default) .elementor-drop-cap-letter{width:1em;height:1em}.elementor-widget-text-editor .elementor-drop-cap{float:left;text-align:center;line-height:1;font-size:50px}.elementor-widget-text-editor .elementor-drop-cap-letter{display:inline-block}<\/style>\t\t\t\t<p style=\"text-align: justify;\">Market leader, Systrain software performs the dimensioning of railway pavements, supporting the best decisions in railway projects.<\/p><p><img fetchpriority=\"high\" decoding=\"async\" class=\"size-medium wp-image-557 alignleft\" src=\"https:\/\/elgayer.com.br\/wp-content\/uploads\/2024\/07\/Site_TelaCarregamento-1024x6671-1-300x195.jpeg\" alt=\"\" width=\"300\" height=\"195\" srcset=\"https:\/\/elgayer.com.br\/wp-content\/uploads\/2024\/07\/Site_TelaCarregamento-1024x6671-1-300x195.jpeg 300w, https:\/\/elgayer.com.br\/wp-content\/uploads\/2024\/07\/Site_TelaCarregamento-1024x6671-1-768x500.jpeg 768w, https:\/\/elgayer.com.br\/wp-content\/uploads\/2024\/07\/Site_TelaCarregamento-1024x6671-1-18x12.jpeg 18w, https:\/\/elgayer.com.br\/wp-content\/uploads\/2024\/07\/Site_TelaCarregamento-1024x6671-1.jpeg 1024w\" sizes=\"(max-width: 300px) 100vw, 300px\" \/><\/p><p>\u00a0<\/p><p style=\"text-align: justify;\">Developed by Elgayer Engenharia, Systrain evaluates pavement behavior based on several parameters such as road geometry, materials and associated loads. With an intuitive interface, the tool enables cost optimization and reduction of environmental impacts. Learn more about Systrain and obtain your license on the website <a href=\"https:\/\/www.systrain.com.br\">www.systrain.com.br<\/a>.<\/p>\t\t\t\t\t\t<\/div>\n\t\t\t\t<\/div>\n\t\t\t\t<div class=\"elementor-element elementor-element-ab1f740 elementor-widget elementor-widget-spacer\" data-id=\"ab1f740\" data-element_type=\"widget\" data-widget_type=\"spacer.default\">\n\t\t\t\t<div class=\"elementor-widget-container\">\n\t\t\t<style>\/*! elementor - v3.22.0 - 26-06-2024 *\/\n.elementor-column .elementor-spacer-inner{height:var(--spacer-size)}.e-con{--container-widget-width:100%}.e-con-inner>.elementor-widget-spacer,.e-con>.elementor-widget-spacer{width:var(--container-widget-width,var(--spacer-size));--align-self:var(--container-widget-align-self,initial);--flex-shrink:0}.e-con-inner>.elementor-widget-spacer>.elementor-widget-container,.e-con>.elementor-widget-spacer>.elementor-widget-container{height:100%;width:100%}.e-con-inner>.elementor-widget-spacer>.elementor-widget-container>.elementor-spacer,.e-con>.elementor-widget-spacer>.elementor-widget-container>.elementor-spacer{height:100%}.e-con-inner>.elementor-widget-spacer>.elementor-widget-container>.elementor-spacer>.elementor-spacer-inner,.e-con>.elementor-widget-spacer>.elementor-widget-container>.elementor-spacer>.elementor-spacer-inner{height:var(--container-widget-height,var(--spacer-size))}.e-con-inner>.elementor-widget-spacer.elementor-widget-empty,.e-con>.elementor-widget-spacer.elementor-widget-empty{position:relative;min-height:22px;min-width:22px}.e-con-inner>.elementor-widget-spacer.elementor-widget-empty .elementor-widget-empty-icon,.e-con>.elementor-widget-spacer.elementor-widget-empty .elementor-widget-empty-icon{position:absolute;top:0;bottom:0;left:0;right:0;margin:auto;padding:0;width:22px;height:22px}<\/style>\t\t<div class=\"elementor-spacer\">\n\t\t\t<div class=\"elementor-spacer-inner\"><\/div>\n\t\t<\/div>\n\t\t\t\t<\/div>\n\t\t\t\t<\/div>\n\t\t\t\t\t<\/div>\n\t\t\t\t<\/div>\n\t\t\t\t\t<\/div>\n\t\t\t\t<\/div>\n\t\t<div class=\"elementor-element elementor-element-39e5cd7 e-flex e-con-boxed e-con e-parent\" data-id=\"39e5cd7\" data-element_type=\"container\">\n\t\t\t\t\t<div class=\"e-con-inner\">\n\t\t<div class=\"elementor-element elementor-element-f06e35d e-flex e-con-boxed e-con e-child\" data-id=\"f06e35d\" data-element_type=\"container\">\n\t\t\t\t\t<div class=\"e-con-inner\">\n\t\t\t\t<div class=\"elementor-element elementor-element-14fcddb elementor-widget elementor-widget-image\" data-id=\"14fcddb\" data-element_type=\"widget\" data-widget_type=\"image.default\">\n\t\t\t\t<div class=\"elementor-widget-container\">\n\t\t\t<style>\/*! elementor - v3.22.0 - 26-06-2024 *\/\n.elementor-widget-image{text-align:center}.elementor-widget-image a{display:inline-block}.elementor-widget-image a img[src$=\".svg\"]{width:48px}.elementor-widget-image img{vertical-align:middle;display:inline-block}<\/style>\t\t\t\t\t\t\t\t\t\t<img decoding=\"async\" width=\"1920\" height=\"770\" src=\"https:\/\/elgayer.com.br\/wp-content\/uploads\/2024\/07\/home-slider-ferroviaria.jpg\" class=\"attachment-full size-full wp-image-423\" alt=\"\" srcset=\"https:\/\/elgayer.com.br\/wp-content\/uploads\/2024\/07\/home-slider-ferroviaria.jpg 1920w, https:\/\/elgayer.com.br\/wp-content\/uploads\/2024\/07\/home-slider-ferroviaria-300x120.jpg 300w, https:\/\/elgayer.com.br\/wp-content\/uploads\/2024\/07\/home-slider-ferroviaria-1024x411.jpg 1024w, https:\/\/elgayer.com.br\/wp-content\/uploads\/2024\/07\/home-slider-ferroviaria-768x308.jpg 768w, https:\/\/elgayer.com.br\/wp-content\/uploads\/2024\/07\/home-slider-ferroviaria-1536x616.jpg 1536w, https:\/\/elgayer.com.br\/wp-content\/uploads\/2024\/07\/home-slider-ferroviaria-18x7.jpg 18w\" sizes=\"(max-width: 1920px) 100vw, 1920px\" \/>\t\t\t\t\t\t\t\t\t\t\t\t\t<\/div>\n\t\t\t\t<\/div>\n\t\t\t\t\t<\/div>\n\t\t\t\t<\/div>\n\t\t\t\t\t<\/div>\n\t\t\t\t<\/div>\n\t\t\t\t<\/div>","protected":false},"excerpt":{"rendered":"<p>SERVI\u00c7OS ELGAYER ENGENHARIA FERROVI\u00c1RIA L\u00edder de mercado, o software Systrain realiza o dimensionamento de pavimentos ferroviarios, embasando as melhores decis\u00f5es de projetos de ferrovias. \u00a0 Desenvolvido pela Elgayer Engenharia, o Systrain avalia o comportamento do pavimento em fun\u00e7\u00e3o de diversos par\u00e2metros como a geometria da via, materiais e carregamentos associado. Com interface intuitiva, a ferramenta [&hellip;]<\/p>","protected":false},"author":1,"featured_media":0,"parent":0,"menu_order":0,"comment_status":"closed","ping_status":"closed","template":"","meta":{"inline_featured_image":false,"footnotes":""},"class_list":["post-300","page","type-page","status-publish","hentry"],"yoast_head":"<!-- This site is optimized with the Yoast SEO plugin v23.1 - https:\/\/yoast.com\/wordpress\/plugins\/seo\/ -->\n<title>Engenharia Ferrovi\u00e1ria - Elgayer Engenharia<\/title>\n<meta name=\"robots\" content=\"index, follow, max-snippet:-1, max-image-preview:large, max-video-preview:-1\" \/>\n<link rel=\"canonical\" href=\"https:\/\/elgayer.com.br\/en\/engenharia-ferroviaria\/\" \/>\n<meta property=\"og:locale\" content=\"en_GB\" \/>\n<meta property=\"og:type\" content=\"article\" \/>\n<meta property=\"og:title\" content=\"Engenharia Ferrovi\u00e1ria - Elgayer Engenharia\" \/>\n<meta property=\"og:description\" content=\"SERVI\u00c7OS ELGAYER ENGENHARIA FERROVI\u00c1RIA L\u00edder de mercado, o software Systrain realiza o dimensionamento de pavimentos ferroviarios, embasando as melhores decis\u00f5es de projetos de ferrovias. \u00a0 Desenvolvido pela Elgayer Engenharia, o Systrain avalia o comportamento do pavimento em fun\u00e7\u00e3o de diversos par\u00e2metros como a geometria da via, materiais e carregamentos associado. Com interface intuitiva, a ferramenta [&hellip;]\" \/>\n<meta property=\"og:url\" content=\"https:\/\/elgayer.com.br\/en\/engenharia-ferroviaria\/\" \/>\n<meta property=\"og:site_name\" content=\"Elgayer Engenharia\" \/>\n<meta property=\"article:modified_time\" content=\"2024-07-29T13:56:43+00:00\" \/>\n<meta property=\"og:image\" content=\"https:\/\/elgayer.com.br\/wp-content\/uploads\/2024\/07\/Site_TelaCarregamento-1024x6671-1-300x195.jpeg\" \/>\n<meta name=\"twitter:card\" content=\"summary_large_image\" \/>\n<script type=\"application\/ld+json\" class=\"yoast-schema-graph\">{\"@context\":\"https:\/\/schema.org\",\"@graph\":[{\"@type\":\"WebPage\",\"@id\":\"https:\/\/elgayer.com.br\/engenharia-ferroviaria\/\",\"url\":\"https:\/\/elgayer.com.br\/engenharia-ferroviaria\/\",\"name\":\"Engenharia Ferrovi\u00e1ria - Elgayer Engenharia\",\"isPartOf\":{\"@id\":\"https:\/\/elgayer.com.br\/#website\"},\"primaryImageOfPage\":{\"@id\":\"https:\/\/elgayer.com.br\/engenharia-ferroviaria\/#primaryimage\"},\"image\":{\"@id\":\"https:\/\/elgayer.com.br\/engenharia-ferroviaria\/#primaryimage\"},\"thumbnailUrl\":\"https:\/\/elgayer.com.br\/wp-content\/uploads\/2024\/07\/Site_TelaCarregamento-1024x6671-1-300x195.jpeg\",\"datePublished\":\"2024-06-16T19:23:22+00:00\",\"dateModified\":\"2024-07-29T13:56:43+00:00\",\"breadcrumb\":{\"@id\":\"https:\/\/elgayer.com.br\/engenharia-ferroviaria\/#breadcrumb\"},\"inLanguage\":\"en-GB\",\"potentialAction\":[{\"@type\":\"ReadAction\",\"target\":[\"https:\/\/elgayer.com.br\/engenharia-ferroviaria\/\"]}]},{\"@type\":\"ImageObject\",\"inLanguage\":\"en-GB\",\"@id\":\"https:\/\/elgayer.com.br\/engenharia-ferroviaria\/#primaryimage\",\"url\":\"https:\/\/elgayer.com.br\/wp-content\/uploads\/2024\/07\/Site_TelaCarregamento-1024x6671-1-300x195.jpeg\",\"contentUrl\":\"https:\/\/elgayer.com.br\/wp-content\/uploads\/2024\/07\/Site_TelaCarregamento-1024x6671-1-300x195.jpeg\"},{\"@type\":\"BreadcrumbList\",\"@id\":\"https:\/\/elgayer.com.br\/engenharia-ferroviaria\/#breadcrumb\",\"itemListElement\":[{\"@type\":\"ListItem\",\"position\":1,\"name\":\"In\u00edcio\",\"item\":\"https:\/\/elgayer.com.br\/\"},{\"@type\":\"ListItem\",\"position\":2,\"name\":\"Engenharia Ferrovi\u00e1ria\"}]},{\"@type\":\"WebSite\",\"@id\":\"https:\/\/elgayer.com.br\/#website\",\"url\":\"https:\/\/elgayer.com.br\/\",\"name\":\"Elgayer Engenharia\",\"description\":\"Com pioneirismo e expertise em modelagem computacional CFD2D em engenharia de drenagem, a Elgayer embasa a constru\u00e7\u00e3o de usinas fotovoltaicas por meio de solu\u00e7\u00f5es que garantem seguran\u00e7a, minimiza\u00e7\u00e3o de custos e redu\u00e7\u00e3o do impacto ambiental. A Elgayer tamb\u00e9m atua com simula\u00e7\u00f5es computacionais em projetos da ind\u00fastria de O&amp;G, e em projetos de drenagem urbana.\",\"publisher\":{\"@id\":\"https:\/\/elgayer.com.br\/#organization\"},\"potentialAction\":[{\"@type\":\"SearchAction\",\"target\":{\"@type\":\"EntryPoint\",\"urlTemplate\":\"https:\/\/elgayer.com.br\/?s={search_term_string}\"},\"query-input\":\"required name=search_term_string\"}],\"inLanguage\":\"en-GB\"},{\"@type\":\"Organization\",\"@id\":\"https:\/\/elgayer.com.br\/#organization\",\"name\":\"Elgayer Engenharia\",\"url\":\"https:\/\/elgayer.com.br\/\",\"logo\":{\"@type\":\"ImageObject\",\"inLanguage\":\"en-GB\",\"@id\":\"https:\/\/elgayer.com.br\/#\/schema\/logo\/image\/\",\"url\":\"https:\/\/elgayer.com.br\/wp-content\/uploads\/2024\/08\/LOGO_ELGAYER-Engenharia.png\",\"contentUrl\":\"https:\/\/elgayer.com.br\/wp-content\/uploads\/2024\/08\/LOGO_ELGAYER-Engenharia.png\",\"width\":730,\"height\":236,\"caption\":\"Elgayer Engenharia\"},\"image\":{\"@id\":\"https:\/\/elgayer.com.br\/#\/schema\/logo\/image\/\"}}]}<\/script>\n<!-- \/ Yoast SEO plugin. -->","yoast_head_json":{"title":"Engenharia Ferrovi\u00e1ria - Elgayer Engenharia","robots":{"index":"index","follow":"follow","max-snippet":"max-snippet:-1","max-image-preview":"max-image-preview:large","max-video-preview":"max-video-preview:-1"},"canonical":"https:\/\/elgayer.com.br\/en\/engenharia-ferroviaria\/","og_locale":"en_GB","og_type":"article","og_title":"Engenharia Ferrovi\u00e1ria - Elgayer Engenharia","og_description":"SERVI\u00c7OS ELGAYER ENGENHARIA FERROVI\u00c1RIA L\u00edder de mercado, o software Systrain realiza o dimensionamento de pavimentos ferroviarios, embasando as melhores decis\u00f5es de projetos de ferrovias. \u00a0 Desenvolvido pela Elgayer Engenharia, o Systrain avalia o comportamento do pavimento em fun\u00e7\u00e3o de diversos par\u00e2metros como a geometria da via, materiais e carregamentos associado. Com interface intuitiva, a ferramenta [&hellip;]","og_url":"https:\/\/elgayer.com.br\/en\/engenharia-ferroviaria\/","og_site_name":"Elgayer Engenharia","article_modified_time":"2024-07-29T13:56:43+00:00","og_image":[{"url":"https:\/\/elgayer.com.br\/wp-content\/uploads\/2024\/07\/Site_TelaCarregamento-1024x6671-1-300x195.jpeg"}],"twitter_card":"summary_large_image","schema":{"@context":"https:\/\/schema.org","@graph":[{"@type":"WebPage","@id":"https:\/\/elgayer.com.br\/engenharia-ferroviaria\/","url":"https:\/\/elgayer.com.br\/engenharia-ferroviaria\/","name":"Engenharia Ferrovi\u00e1ria - Elgayer Engenharia","isPartOf":{"@id":"https:\/\/elgayer.com.br\/#website"},"primaryImageOfPage":{"@id":"https:\/\/elgayer.com.br\/engenharia-ferroviaria\/#primaryimage"},"image":{"@id":"https:\/\/elgayer.com.br\/engenharia-ferroviaria\/#primaryimage"},"thumbnailUrl":"https:\/\/elgayer.com.br\/wp-content\/uploads\/2024\/07\/Site_TelaCarregamento-1024x6671-1-300x195.jpeg","datePublished":"2024-06-16T19:23:22+00:00","dateModified":"2024-07-29T13:56:43+00:00","breadcrumb":{"@id":"https:\/\/elgayer.com.br\/engenharia-ferroviaria\/#breadcrumb"},"inLanguage":"en-GB","potentialAction":[{"@type":"ReadAction","target":["https:\/\/elgayer.com.br\/engenharia-ferroviaria\/"]}]},{"@type":"ImageObject","inLanguage":"en-GB","@id":"https:\/\/elgayer.com.br\/engenharia-ferroviaria\/#primaryimage","url":"https:\/\/elgayer.com.br\/wp-content\/uploads\/2024\/07\/Site_TelaCarregamento-1024x6671-1-300x195.jpeg","contentUrl":"https:\/\/elgayer.com.br\/wp-content\/uploads\/2024\/07\/Site_TelaCarregamento-1024x6671-1-300x195.jpeg"},{"@type":"BreadcrumbList","@id":"https:\/\/elgayer.com.br\/engenharia-ferroviaria\/#breadcrumb","itemListElement":[{"@type":"ListItem","position":1,"name":"In\u00edcio","item":"https:\/\/elgayer.com.br\/"},{"@type":"ListItem","position":2,"name":"Engenharia Ferrovi\u00e1ria"}]},{"@type":"WebSite","@id":"https:\/\/elgayer.com.br\/#website","url":"https:\/\/elgayer.com.br\/","name":"Elgayer Engenharia","description":"Com pioneirismo e expertise em modelagem computacional CFD2D em engenharia de drenagem, a Elgayer embasa a constru\u00e7\u00e3o de usinas fotovoltaicas por meio de solu\u00e7\u00f5es que garantem seguran\u00e7a, minimiza\u00e7\u00e3o de custos e redu\u00e7\u00e3o do impacto ambiental. A Elgayer tamb\u00e9m atua com simula\u00e7\u00f5es computacionais em projetos da ind\u00fastria de O&amp;G, e em projetos de drenagem urbana.","publisher":{"@id":"https:\/\/elgayer.com.br\/#organization"},"potentialAction":[{"@type":"SearchAction","target":{"@type":"EntryPoint","urlTemplate":"https:\/\/elgayer.com.br\/?s={search_term_string}"},"query-input":"required name=search_term_string"}],"inLanguage":"en-GB"},{"@type":"Organization","@id":"https:\/\/elgayer.com.br\/#organization","name":"Elgayer Engenharia","url":"https:\/\/elgayer.com.br\/","logo":{"@type":"ImageObject","inLanguage":"en-GB","@id":"https:\/\/elgayer.com.br\/#\/schema\/logo\/image\/","url":"https:\/\/elgayer.com.br\/wp-content\/uploads\/2024\/08\/LOGO_ELGAYER-Engenharia.png","contentUrl":"https:\/\/elgayer.com.br\/wp-content\/uploads\/2024\/08\/LOGO_ELGAYER-Engenharia.png","width":730,"height":236,"caption":"Elgayer Engenharia"},"image":{"@id":"https:\/\/elgayer.com.br\/#\/schema\/logo\/image\/"}}]}},"_links":{"self":[{"href":"https:\/\/elgayer.com.br\/en\/wp-json\/wp\/v2\/pages\/300","targetHints":{"allow":["GET"]}}],"collection":[{"href":"https:\/\/elgayer.com.br\/en\/wp-json\/wp\/v2\/pages"}],"about":[{"href":"https:\/\/elgayer.com.br\/en\/wp-json\/wp\/v2\/types\/page"}],"author":[{"embeddable":true,"href":"https:\/\/elgayer.com.br\/en\/wp-json\/wp\/v2\/users\/1"}],"replies":[{"embeddable":true,"href":"https:\/\/elgayer.com.br\/en\/wp-json\/wp\/v2\/comments?post=300"}],"version-history":[{"count":21,"href":"https:\/\/elgayer.com.br\/en\/wp-json\/wp\/v2\/pages\/300\/revisions"}],"predecessor-version":[{"id":758,"href":"https:\/\/elgayer.com.br\/en\/wp-json\/wp\/v2\/pages\/300\/revisions\/758"}],"wp:attachment":[{"href":"https:\/\/elgayer.com.br\/en\/wp-json\/wp\/v2\/media?parent=300"}],"curies":[{"name":"wp","href":"https:\/\/api.w.org\/{rel}","templated":true}]}}